{"id":10067,"date":"2026-05-11T15:46:34","date_gmt":"2026-05-11T20:46:34","guid":{"rendered":"https:\/\/derechosinfronteras.pe\/?page_id=10067"},"modified":"2026-05-11T17:47:20","modified_gmt":"2026-05-11T22:47:20","slug":"mision-y-vision","status":"publish","type":"page","link":"https:\/\/derechosinfronteras.pe\/ingles\/mision-y-vision\/","title":{"rendered":"Misi\u00f3n y visi\u00f3n"},"content":{"rendered":"<div data-elementor-type=\"wp-page\" data-elementor-id=\"10067\" class=\"elementor elementor-10067\">\n\t\t\t\t<div class=\"elementor-element elementor-element-24bd2fb e-flex e-con-boxed e-con e-parent\" data-id=\"24bd2fb\" data-element_type=\"container\" data-e-type=\"container\">\n\t\t\t\t\t<div class=\"e-con-inner\">\n\t\t\t\t\t<\/div>\n\t\t\t\t<\/div>\n\t\t<div class=\"elementor-element elementor-element-c93bb48 e-con-full e-flex e-con e-parent\" data-id=\"c93bb48\" data-element_type=\"container\" data-e-type=\"container\" data-settings=\"{&quot;background_background&quot;:&quot;classic&quot;}\">\n\t\t\t\t<div class=\"elementor-element elementor-element-235eaec elementor-widget__width-initial elementor-view-default elementor-invisible elementor-widget elementor-widget-icon\" data-id=\"235eaec\" data-element_type=\"widget\" data-e-type=\"widget\" data-settings=\"{&quot;_animation&quot;:&quot;shake&quot;}\" data-widget_type=\"icon.default\">\n\t\t\t\t<div class=\"elementor-widget-container\">\n\t\t\t\t\t\t\t<div class=\"elementor-icon-wrapper\">\n\t\t\t<div class=\"elementor-icon\">\n\t\t\t<i aria-hidden=\"true\" class=\"fas fa-users\"><\/i>\t\t\t<\/div>\n\t\t<\/div>\n\t\t\t\t\t\t<\/div>\n\t\t\t\t<\/div>\n\t\t\t\t<div class=\"elementor-element elementor-element-6fc38eb elementor-invisible elementor-widget elementor-widget-heading\" data-id=\"6fc38eb\" data-element_type=\"widget\" data-e-type=\"widget\" data-settings=\"{&quot;_animation&quot;:&quot;fadeInRight&quot;}\" data-widget_type=\"heading.default\">\n\t\t\t\t<div class=\"elementor-widget-container\">\n\t\t\t\t\t<h1 class=\"elementor-heading-title elementor-size-default\">Misi\u00f3n<\/h1>\t\t\t\t<\/div>\n\t\t\t\t<\/div>\n\t\t\t\t<div class=\"elementor-element elementor-element-9fa9e75 elementor-widget__width-initial elementor-invisible elementor-widget elementor-widget-heading\" data-id=\"9fa9e75\" data-element_type=\"widget\" data-e-type=\"widget\" data-settings=\"{&quot;_animation&quot;:&quot;fadeInRight&quot;}\" data-widget_type=\"heading.default\">\n\t\t\t\t<div class=\"elementor-widget-container\">\n\t\t\t\t\t<h1 class=\"elementor-heading-title elementor-size-default\"><span style=\"font-family: inherit;font-size: inherit;font-style: inherit;font-weight: inherit\">\u201cSomos una organizaci\u00f3n de defensores y defensoras de <\/span><span style=\"font-family: inherit;font-size: inherit;font-style: inherit;font-weight: inherit\">derechos humanos que, inspirados en la teolog\u00eda de la liberaci\u00f3n y respetando <\/span><span style=\"font-family: inherit;font-size: inherit;font-style: inherit;font-weight: inherit\">la diversidad cultural, acompa\u00f1amos, incidimos y denunciamos, las situaciones de afectaci\u00f3n de derechos individuales, colectivos y ambientales de las comunidades y poblaciones urbano rurales para contribuir en el pleno acceso a la justicia social, ambiental y de g\u00e9nero\u201d<\/span><br><\/h1>\t\t\t\t<\/div>\n\t\t\t\t<\/div>\n\t\t\t\t<\/div>\n\t\t<div class=\"elementor-element elementor-element-894b5b8 e-con-full e-flex elementor-invisible e-con e-parent\" data-id=\"894b5b8\" data-element_type=\"container\" data-e-type=\"container\" data-settings=\"{&quot;background_background&quot;:&quot;classic&quot;,&quot;animation&quot;:&quot;fadeIn&quot;}\">\n\t\t\t\t<\/div>\n\t\t<div class=\"elementor-element elementor-element-57339fa e-con-full e-flex e-con e-parent\" data-id=\"57339fa\" data-element_type=\"container\" data-e-type=\"container\" data-settings=\"{&quot;background_background&quot;:&quot;classic&quot;}\">\n\t\t\t\t<div class=\"elementor-element elementor-element-74f9e12 elementor-widget__width-initial elementor-view-default elementor-invisible elementor-widget elementor-widget-icon\" data-id=\"74f9e12\" data-element_type=\"widget\" data-e-type=\"widget\" data-settings=\"{&quot;_animation&quot;:&quot;shake&quot;}\" data-widget_type=\"icon.default\">\n\t\t\t\t<div class=\"elementor-widget-container\">\n\t\t\t\t\t\t\t<div class=\"elementor-icon-wrapper\">\n\t\t\t<div class=\"elementor-icon\">\n\t\t\t<i aria-hidden=\"true\" class=\"fas fa-user-check\"><\/i>\t\t\t<\/div>\n\t\t<\/div>\n\t\t\t\t\t\t<\/div>\n\t\t\t\t<\/div>\n\t\t\t\t<div class=\"elementor-element elementor-element-1ad35bf elementor-invisible elementor-widget elementor-widget-heading\" data-id=\"1ad35bf\" data-element_type=\"widget\" data-e-type=\"widget\" data-settings=\"{&quot;_animation&quot;:&quot;fadeInRight&quot;}\" data-widget_type=\"heading.default\">\n\t\t\t\t<div class=\"elementor-widget-container\">\n\t\t\t\t\t<h1 class=\"elementor-heading-title elementor-size-default\">Visi\u00f3n<\/h1>\t\t\t\t<\/div>\n\t\t\t\t<\/div>\n\t\t\t\t<div class=\"elementor-element elementor-element-0f1736a elementor-widget__width-initial elementor-invisible elementor-widget elementor-widget-heading\" data-id=\"0f1736a\" data-element_type=\"widget\" data-e-type=\"widget\" data-settings=\"{&quot;_animation&quot;:&quot;fadeInRight&quot;}\" data-widget_type=\"heading.default\">\n\t\t\t\t<div class=\"elementor-widget-container\">\n\t\t\t\t\t<h1 class=\"elementor-heading-title elementor-size-default\"><span style=\"font-family: inherit;font-size: inherit;font-style: inherit;font-weight: inherit;letter-spacing: 0px\">\u201cAl 2029, las comunidades y poblaciones urbano rurales, <\/span><span style=\"font-family: inherit;font-size: inherit;font-style: inherit;font-weight: inherit;letter-spacing: 0px\">principalmente mujeres y j\u00f3venes de las provincias de Chumbivilcas, Espinar y <\/span><span style=\"font-family: inherit;font-size: inherit;font-style: inherit;font-weight: inherit;letter-spacing: 0px\">Paruro, en las cuales persisten las actividades extractivas mineras, conocen y <\/span><span style=\"font-family: inherit;font-size: inherit;font-style: inherit;font-weight: inherit;letter-spacing: 0px\">ejercen sus derechos individuales y colectivos, de manera articulada, aut\u00f3noma <\/span><span style=\"font-family: inherit;font-size: inherit;font-style: inherit;font-weight: inherit;letter-spacing: 0px\">y en igualdad de condiciones, promoviendo alternativas de vida con \u00e9nfasis en <\/span><span style=\"font-family: inherit;font-size: inherit;font-style: inherit;font-weight: inherit;letter-spacing: 0px\">lo socio-ambiental al extractivismo\u201d<\/span><span style=\"font-family: inherit;font-size: inherit;font-style: inherit;font-weight: inherit;letter-spacing: 0px\"><br><\/span><\/h1>\t\t\t\t<\/div>\n\t\t\t\t<\/div>\n\t\t\t\t<\/div>\n\t\t<div class=\"elementor-element elementor-element-e7c8cc1 e-con-full e-flex elementor-invisible e-con e-parent\" data-id=\"e7c8cc1\" data-element_type=\"container\" data-e-type=\"container\" data-settings=\"{&quot;background_background&quot;:&quot;classic&quot;,&quot;animation&quot;:&quot;fadeIn&quot;}\">\n\t\t\t\t<\/div>\n\t\t\t\t<\/div>","protected":false},"excerpt":{"rendered":"<p>Misi\u00f3n \u201cSomos una organizaci\u00f3n de defensores y defensoras de derechos humanos que, inspirados en la teolog\u00eda de la liberaci\u00f3n y respetando la diversidad cultural, acompa\u00f1amos, incidimos y denunciamos, las situaciones de afectaci\u00f3n de derechos individuales, colectivos y ambientales de las comunidades y poblaciones urbano rurales para contribuir en el pleno acceso a la justicia social, [&hellip;]<\/p>\n","protected":false},"author":1,"featured_media":0,"parent":0,"menu_order":0,"comment_status":"closed","ping_status":"closed","template":"","meta":{"_monsterinsights_skip_tracking":false,"_monsterinsights_sitenote_active":false,"_monsterinsights_sitenote_note":"","_monsterinsights_sitenote_category":0,"footnotes":""},"class_list":["post-10067","page","type-page","status-publish","hentry"],"blocksy_meta":[],"jetpack_sharing_enabled":true,"jetpack_likes_enabled":true,"_links":{"self":[{"href":"https:\/\/derechosinfronteras.pe\/ingles\/wp-json\/wp\/v2\/pages\/10067","targetHints":{"allow":["GET"]}}],"collection":[{"href":"https:\/\/derechosinfronteras.pe\/ingles\/wp-json\/wp\/v2\/pages"}],"about":[{"href":"https:\/\/derechosinfronteras.pe\/ingles\/wp-json\/wp\/v2\/types\/page"}],"author":[{"embeddable":true,"href":"https:\/\/derechosinfronteras.pe\/ingles\/wp-json\/wp\/v2\/users\/1"}],"replies":[{"embeddable":true,"href":"https:\/\/derechosinfronteras.pe\/ingles\/wp-json\/wp\/v2\/comments?post=10067"}],"version-history":[{"count":37,"href":"https:\/\/derechosinfronteras.pe\/ingles\/wp-json\/wp\/v2\/pages\/10067\/revisions"}],"predecessor-version":[{"id":10114,"href":"https:\/\/derechosinfronteras.pe\/ingles\/wp-json\/wp\/v2\/pages\/10067\/revisions\/10114"}],"wp:attachment":[{"href":"https:\/\/derechosinfronteras.pe\/ingles\/wp-json\/wp\/v2\/media?parent=10067"}],"curies":[{"name":"wp","href":"https:\/\/api.w.org\/{rel}","templated":true}]}}