{"id":593,"date":"2022-02-19T16:51:00","date_gmt":"2022-02-19T16:51:00","guid":{"rendered":"https:\/\/startersites.io\/stagingthree\/?page_id=593"},"modified":"2026-02-18T12:25:58","modified_gmt":"2026-02-18T17:25:58","slug":"somos-una-organizacion-que-lucha-por-los","status":"publish","type":"page","link":"https:\/\/derechosinfronteras.pe\/ingles\/somos-una-organizacion-que-lucha-por-los\/","title":{"rendered":"Nosotros"},"content":{"rendered":"<div class=\"wp-block-stackable-columns alignfull stk-block-columns stk-block stk-47f3fe7 stk-block-background\" data-block-id=\"47f3fe7\"><style>.stk-47f3fe7 {background-color:#fbf6ed !important;padding-top:130px !important;padding-right:0px !important;padding-bottom:130px !important;padding-left:0px !important;margin-bottom:0px !important;}.stk-47f3fe7:before{background-color:#fbf6ed !important;}@media screen and (max-width:999px){.stk-47f3fe7 {padding-top:80px !important;padding-bottom:80px !important;}}@media screen and (max-width:689px){.stk-47f3fe7 {padding-top:70px !important;padding-bottom:70px !important;}}<\/style><div class=\"stk-row stk-inner-blocks has-text-align-center stk-block-content stk-content-align stk-47f3fe7-column\">\n<div class=\"wp-block-stackable-column stk-block-column stk-column stk-block stk-18d875a\" data-v=\"4\" data-block-id=\"18d875a\"><style>.stk-18d875a-container{margin-top:0px !important;margin-right:0px !important;margin-bottom:0px !important;margin-left:0px !important;}<\/style><div class=\"stk-column-wrapper stk-block-column__content stk-container stk-18d875a-container stk--no-background stk--no-padding\"><div class=\"stk-block-content stk-inner-blocks stk-18d875a-inner-blocks\">\n<div class=\"wp-block-stackable-heading stk-block-heading stk-block-heading--v2 stk-block stk-41f6f5a\" id=\"derechos-humanos-sin-fronteras\" data-block-id=\"41f6f5a\"><style>.stk-41f6f5a {margin-bottom:16px !important;}.stk-41f6f5a .stk-block-heading__text{font-size:40px !important;line-height:1.2em !important;}@media screen and (max-width:999px){.stk-41f6f5a .stk-block-heading__text{font-size:40px !important;}}<\/style><h1 class=\"stk-block-heading__text\">Derechos Humanos Sin Fronteras<\/h1><\/div>\n\n\n\n<div class=\"wp-block-stackable-text stk-block-text stk-block stk-37d0174\" data-block-id=\"37d0174\"><style>.stk-37d0174 {max-width:750px !important;min-width:auto !important;margin-right:auto !important;margin-bottom:0px !important;margin-left:auto !important;}.stk-37d0174 .stk-block-text__text{font-size:20px !important;}@media screen and (max-width:999px){.stk-37d0174 .stk-block-text__text{font-size:20px !important;}}<\/style><p class=\"stk-block-text__text\">Es una organizaci\u00f3n de derechos humanos dedicada a la defensa y promoci\u00f3n de los derechos individuales, colectivos y ambientales en comunidades urbano-rurales afectadas por actividades extractivas, especialmente en las provincias de Chumbivilcas, Espinar y Paruro.<\/p><\/div>\n<\/div><\/div><\/div>\n<\/div><\/div>\n\n\n\n<div class=\"wp-block-stackable-spacer stk-block-spacer stk--no-padding stk-block stk-6a8268d\" data-block-id=\"6a8268d\"><style>.stk-6a8268d {height:130px !important;}@media screen and (max-width:999px){.stk-6a8268d {height:80px !important;}}<\/style><\/div>\n\n\n\n<div class=\"wp-block-stackable-columns alignfull stk-block-columns stk-block stk-e4d5f22\" data-block-id=\"e4d5f22\"><style>.stk-e4d5f22 .stk--block-align-e4d5f22{align-items:center !important;}.stk-e4d5f22 {margin-bottom:0px !important;}.stk-e4d5f22-column{--stk-column-gap:50px !important;row-gap:50px !important;}<\/style><div class=\"stk-row stk-inner-blocks stk--block-align-e4d5f22 stk-block-content stk-content-align stk-e4d5f22-column\">\n<div class=\"wp-block-stackable-column stk-block-column stk-column stk-block stk-4f447c3\" data-v=\"4\" data-block-id=\"4f447c3\"><style>.stk-4f447c3-container{margin-top:0px !important;margin-right:0px !important;margin-bottom:0px !important;margin-left:0px !important;}@media screen and (min-width:690px){.stk-4f447c3 {flex:var(--stk-flex-grow, 1) 1 calc(40% - var(--stk-column-gap, 0px) * 1 \/ 2 ) !important;}}<\/style><div class=\"stk-column-wrapper stk-block-column__content stk-container stk-4f447c3-container stk--no-background stk--no-padding\"><div class=\"stk-block-content stk-inner-blocks stk-4f447c3-inner-blocks\">\n<div class=\"wp-block-stackable-heading stk-block-heading stk-block-heading--v2 stk-block stk-2f54107\" id=\"mision\" data-block-id=\"2f54107\"><style>.stk-2f54107 {margin-bottom:35px !important;}.stk-2f54107 .stk-block-heading__text{font-size:40px !important;line-height:1.2em !important;}@media screen and (max-width:999px){.stk-2f54107 .stk-block-heading__text{font-size:30px !important;}}<\/style><h2 class=\"stk-block-heading__text has-text-align-center-mobile\">Misi\u00f3n<\/h2><\/div>\n\n\n\n<div class=\"wp-block-stackable-text stk-block-text stk-block stk-ac349bf\" data-block-id=\"ac349bf\"><p class=\"stk-block-text__text has-text-align-center-mobile\">Somos una organizaci\u00f3n de defensores y defensoras de los derechos humanos que, inspirados en la teolog\u00eda de la liberaci\u00f3n y respetando la diversidad cultural, acompa\u00f1amos, incidimos y denunciamos las situaciones de afectaci\u00f3n de derechos individuales, colectivos y ambientales de las comunidades y poblaciones urbano rurales para contribuir en el pleno acceso a la justicia social, ambiental y de g\u00e9nero.<\/p><\/div>\n<\/div><\/div><\/div>\n\n\n\n<div class=\"wp-block-stackable-column stk-block-column stk-column stk-block stk-51ba949\" data-v=\"4\" data-block-id=\"51ba949\"><style>.stk-51ba949-container{margin-top:0px !important;margin-right:0px !important;margin-bottom:0px !important;margin-left:0px !important;}@media screen and (min-width:690px){.stk-51ba949 {flex:var(--stk-flex-grow, 1) 1 calc(60% - var(--stk-column-gap, 0px) * 1 \/ 2 ) !important;}}<\/style><div class=\"stk-column-wrapper stk-block-column__content stk-container stk-51ba949-container stk--no-background stk--no-padding\"><div class=\"stk-block-content stk-inner-blocks stk-51ba949-inner-blocks\">\n<div class=\"wp-block-stackable-video-popup stk-block-video-popup stk-block stk-6b5b48d\" data-video=\"https:\/\/www.youtube.com\/watch?v=A6i5OKf-NvM\" data-block-id=\"6b5b48d\"><style>.stk-6b5b48d {border-top-left-radius:5px !important;border-top-right-radius:5px !important;border-bottom-right-radius:5px !important;border-bottom-left-radius:5px !important;overflow:hidden !important;padding-top:0px !important;padding-right:0px !important;padding-left:0px !important;}<\/style><div class=\"stk-block-video-popup__overlay stk-row stk-inner-blocks stk-block-content stk-hover-parent\" aria-label=\"Play Video\" tabindex=\"0\" role=\"button\">\n<div class=\"wp-block-stackable-icon stk-block-icon has-text-align-center stk-block stk-30bb458\" data-block-id=\"30bb458\"><style>.stk-30bb458 .stk--svg-wrapper .stk--inner-svg svg:last-child{height:40px !important;width:40px !important;}.stk-30bb458 .stk--svg-wrapper .stk--inner-svg svg:last-child, .stk-30bb458 .stk--svg-wrapper .stk--inner-svg svg:last-child :is(g, path, rect, polygon, ellipse){fill:var(--theme-palette-color-8, #ffffff) !important;}@media screen and (max-width:999px){.stk-30bb458 .stk--svg-wrapper .stk--inner-svg svg:last-child{height:40px !important;width:40px !important;}}<\/style><span class=\"stk--svg-wrapper\"><div class=\"stk--inner-svg\"><svg style=\"height:0;width:0\"><defs><lineargradient id=\"linear-gradient-30bb458\" x1=\"0\" x2=\"100%\" y1=\"0\" y2=\"0\"><stop offset=\"0%\" style=\"stop-opacity:1;stop-color:var(--linear-gradient-30-bb-458-color-1)\"><\/stop><stop offset=\"100%\" style=\"stop-opacity:1;stop-color:var(--linear-gradient-30-bb-458-color-2)\"><\/stop><\/lineargradient><\/defs><\/svg><svg xmlns=\"http:\/\/www.w3.org\/2000\/svg\" viewbox=\"0 0 576 512\" aria-hidden=\"true\" width=\"32\" height=\"32\"><path d=\"M549.655 124.083c-6.281-23.65-24.787-42.276-48.284-48.597C458.781 64 288 64 288 64S117.22 64 74.629 75.486c-23.497 6.322-42.003 24.947-48.284 48.597-11.412 42.867-11.412 132.305-11.412 132.305s0 89.438 11.412 132.305c6.281 23.65 24.787 41.5 48.284 47.821C117.22 448 288 448 288 448s170.78 0 213.371-11.486c23.497-6.321 42.003-24.171 48.284-47.821 11.412-42.867 11.412-132.305 11.412-132.305s0-89.438-11.412-132.305zm-317.51 213.508V175.185l142.739 81.205-142.739 81.201z\"\/><\/svg><\/div><\/span><\/div>\n\n\n\n<div class=\"wp-block-stackable-image stk-block-image stk-block stk-dd082f9\" data-block-id=\"dd082f9\"><style>.stk-dd082f9 .stk-img-wrapper{height:400px !important;--stk-gradient-overlay:0 !important;}.stk-dd082f9 .stk-img-wrapper::after{background-color:#000000 !important;}:where(.stk-hover-parent:hover,  .stk-hover-parent.stk--is-hovered) .stk-dd082f9 .stk-img-wrapper{--stk-gradient-overlay:0.3 !important;}@media screen and (max-width:999px){.stk-dd082f9 .stk-img-wrapper{height:400px !important;}}<\/style><figure><span class=\"stk-img-wrapper stk-image--shape-stretch\"><img fetchpriority=\"high\" decoding=\"async\" class=\"stk-img wp-image-7195\" src=\"https:\/\/derechosinfronteras.pe\/wp-content\/uploads\/2024\/02\/WhatsApp-Image-2024-02-22-at-6.03.31-PM.jpeg\" width=\"640\" height=\"427\" srcset=\"https:\/\/derechosinfronteras.pe\/wp-content\/uploads\/2024\/02\/WhatsApp-Image-2024-02-22-at-6.03.31-PM.jpeg 640w, https:\/\/derechosinfronteras.pe\/wp-content\/uploads\/2024\/02\/WhatsApp-Image-2024-02-22-at-6.03.31-PM-300x200.jpeg 300w\" sizes=\"(max-width: 640px) 100vw, 640px\" \/><\/span><\/figure><\/div>\n<\/div><\/div>\n<\/div><\/div><\/div>\n<\/div><\/div>\n\n\n\n<div class=\"wp-block-stackable-spacer stk-block-spacer stk--no-padding stk-block stk-0c5a20f\" data-block-id=\"0c5a20f\"><style>.stk-0c5a20f {height:130px !important;}@media screen and (max-width:999px){.stk-0c5a20f {height:80px !important;}}<\/style><\/div>\n\n\n\n<div class=\"wp-block-stackable-columns alignfull stk-block-columns stk-block stk-80c3c8a ct-mobile-order\" data-block-id=\"80c3c8a\"><style>.stk-80c3c8a .stk--block-align-80c3c8a{align-items:center !important;}.stk-80c3c8a {margin-bottom:0px !important;}.stk-80c3c8a-column{--stk-column-gap:50px !important;row-gap:50px !important;}<\/style><div class=\"stk-row stk-inner-blocks stk--block-align-80c3c8a stk-block-content stk-content-align stk-80c3c8a-column\">\n<div class=\"wp-block-stackable-column stk-block-column stk-column stk-block stk-67a427e\" data-v=\"4\" data-block-id=\"67a427e\"><style>.stk-67a427e-container{margin-top:0px !important;margin-right:0px !important;margin-bottom:0px !important;margin-left:0px !important;}@media screen and (min-width:690px){.stk-67a427e {flex:var(--stk-flex-grow, 1) 1 calc(60% - var(--stk-column-gap, 0px) * 1 \/ 2 ) !important;}}<\/style><div class=\"stk-column-wrapper stk-block-column__content stk-container stk-67a427e-container stk--no-background stk--no-padding\"><div class=\"stk-block-content stk-inner-blocks stk-67a427e-inner-blocks\">\n<div class=\"wp-block-stackable-video-popup stk-block-video-popup stk-block stk-d6aea56\" data-video=\"https:\/\/www.youtube.com\/watch?v=ImwzKfHbRro&amp;t=2s\" data-block-id=\"d6aea56\"><style>.stk-d6aea56 {border-top-left-radius:5px !important;border-top-right-radius:5px !important;border-bottom-right-radius:5px !important;border-bottom-left-radius:5px !important;overflow:hidden !important;padding-top:0px !important;padding-right:0px !important;padding-left:0px !important;}<\/style><div class=\"stk-block-video-popup__overlay stk-row stk-inner-blocks stk-block-content stk-hover-parent\" aria-label=\"Play Video\" tabindex=\"0\" role=\"button\">\n<div class=\"wp-block-stackable-icon stk-block-icon has-text-align-center stk-block stk-e7186d0\" data-block-id=\"e7186d0\"><style>.stk-e7186d0 .stk--svg-wrapper .stk--inner-svg svg:last-child{height:40px !important;width:40px !important;}.stk-e7186d0 .stk--svg-wrapper .stk--inner-svg svg:last-child, .stk-e7186d0 .stk--svg-wrapper .stk--inner-svg svg:last-child :is(g, path, rect, polygon, ellipse){fill:var(--theme-palette-color-8, #ffffff) !important;}@media screen and (max-width:999px){.stk-e7186d0 .stk--svg-wrapper .stk--inner-svg svg:last-child{height:40px !important;width:40px !important;}}<\/style><span class=\"stk--svg-wrapper\"><div class=\"stk--inner-svg\"><svg style=\"height:0;width:0\"><defs><lineargradient id=\"linear-gradient-e7186d0\" x1=\"0\" x2=\"100%\" y1=\"0\" y2=\"0\"><stop offset=\"0%\" style=\"stop-opacity:1;stop-color:var(--linear-gradient-e-7186-d-0-color-1)\"><\/stop><stop offset=\"100%\" style=\"stop-opacity:1;stop-color:var(--linear-gradient-e-7186-d-0-color-2)\"><\/stop><\/lineargradient><\/defs><\/svg><svg xmlns=\"http:\/\/www.w3.org\/2000\/svg\" viewbox=\"0 0 576 512\" aria-hidden=\"true\" width=\"32\" height=\"32\"><path d=\"M549.655 124.083c-6.281-23.65-24.787-42.276-48.284-48.597C458.781 64 288 64 288 64S117.22 64 74.629 75.486c-23.497 6.322-42.003 24.947-48.284 48.597-11.412 42.867-11.412 132.305-11.412 132.305s0 89.438 11.412 132.305c6.281 23.65 24.787 41.5 48.284 47.821C117.22 448 288 448 288 448s170.78 0 213.371-11.486c23.497-6.321 42.003-24.171 48.284-47.821 11.412-42.867 11.412-132.305 11.412-132.305s0-89.438-11.412-132.305zm-317.51 213.508V175.185l142.739 81.205-142.739 81.201z\"\/><\/svg><\/div><\/span><\/div>\n\n\n\n<div class=\"wp-block-stackable-image stk-block-image stk-block stk-d542563\" data-block-id=\"d542563\"><style>.stk-d542563 .stk-img-wrapper{height:400px !important;--stk-gradient-overlay:0 !important;}.stk-d542563 .stk-img-wrapper::after{background-color:#000000 !important;}:where(.stk-hover-parent:hover,  .stk-hover-parent.stk--is-hovered) .stk-d542563 .stk-img-wrapper{--stk-gradient-overlay:0.3 !important;}@media screen and (max-width:999px){.stk-d542563 .stk-img-wrapper{height:400px !important;}}<\/style><figure><span class=\"stk-img-wrapper stk-image--shape-stretch\"><img decoding=\"async\" class=\"stk-img wp-image-7198\" src=\"https:\/\/derechosinfronteras.pe\/wp-content\/uploads\/2024\/02\/WhatsApp-Image-2024-02-22-at-6.07.38-PM.jpeg\" width=\"480\" height=\"320\" srcset=\"https:\/\/derechosinfronteras.pe\/wp-content\/uploads\/2024\/02\/WhatsApp-Image-2024-02-22-at-6.07.38-PM.jpeg 480w, https:\/\/derechosinfronteras.pe\/wp-content\/uploads\/2024\/02\/WhatsApp-Image-2024-02-22-at-6.07.38-PM-300x200.jpeg 300w\" sizes=\"(max-width: 480px) 100vw, 480px\" \/><\/span><\/figure><\/div>\n<\/div><\/div>\n<\/div><\/div><\/div>\n\n\n\n<div class=\"wp-block-stackable-column stk-block-column stk-column stk-block stk-3a8c4eb\" data-v=\"4\" data-block-id=\"3a8c4eb\"><style>.stk-3a8c4eb-container{margin-top:0px !important;margin-right:0px !important;margin-bottom:0px !important;margin-left:0px !important;}@media screen and (min-width:690px){.stk-3a8c4eb {flex:var(--stk-flex-grow, 1) 1 calc(40% - var(--stk-column-gap, 0px) * 1 \/ 2 ) !important;}}<\/style><div class=\"stk-column-wrapper stk-block-column__content stk-container stk-3a8c4eb-container stk--no-background stk--no-padding\"><div class=\"stk-block-content stk-inner-blocks stk-3a8c4eb-inner-blocks\">\n<div class=\"wp-block-stackable-heading stk-block-heading stk-block-heading--v2 stk-block stk-03e6813\" id=\"vision\" data-block-id=\"03e6813\"><style>.stk-03e6813 {margin-bottom:35px !important;}.stk-03e6813 .stk-block-heading__text{font-size:40px !important;line-height:1.2em !important;}@media screen and (max-width:999px){.stk-03e6813 .stk-block-heading__text{font-size:30px !important;}}<\/style><h2 class=\"stk-block-heading__text has-text-align-center-mobile\">Visi\u00f3n<\/h2><\/div>\n\n\n\n<div class=\"wp-block-stackable-text stk-block-text stk-block stk-80ed068\" data-block-id=\"80ed068\"><p class=\"stk-block-text__text has-text-align-center-mobile\">Al 2029, las comunidades y poblaciones urbano rurales, principalmente mujeres y j\u00f3venes de las provincias de Chumbivilcas, Espinar y Paruro, en las cuales persisten las actividades extractivas mineras, conocen y ejercen sus derechos individuales y colectivos, de manera articulada, aut\u00f3noma y en igualdad de condiciones, promoviendo alternativas de vida con \u00e9nfasis en lo socio-ambiental al extractivismo minero.<\/p><\/div>\n<\/div><\/div><\/div>\n<\/div><\/div>\n\n\n\n<div class=\"wp-block-stackable-spacer stk-block-spacer stk--no-padding stk-block stk-cbe644b\" data-block-id=\"cbe644b\"><style>.stk-cbe644b {height:130px !important;}@media screen and (max-width:999px){.stk-cbe644b {height:80px !important;}}<\/style><\/div>\n\n\n\n<div class=\"wp-block-stackable-columns alignfull stk-block-columns stk-block stk-47369fb\" data-block-id=\"47369fb\"><style>.stk-47369fb .stk--block-align-47369fb{align-items:center !important;}.stk-47369fb {margin-bottom:0px !important;}.stk-47369fb-column{--stk-column-gap:50px !important;row-gap:50px !important;}<\/style><div class=\"stk-row stk-inner-blocks stk--block-align-47369fb stk-block-content stk-content-align stk-47369fb-column\">\n<div class=\"wp-block-stackable-column stk-block-column stk-column stk-block stk-1da631d\" data-v=\"4\" data-block-id=\"1da631d\"><style>.stk-1da631d-container{margin-top:0px !important;margin-right:0px !important;margin-bottom:0px !important;margin-left:0px !important;}@media screen and (min-width:690px){.stk-1da631d {flex:var(--stk-flex-grow, 1) 1 calc(40% - var(--stk-column-gap, 0px) * 1 \/ 2 ) !important;}}<\/style><div class=\"stk-column-wrapper stk-block-column__content stk-container stk-1da631d-container stk--no-background stk--no-padding\"><div class=\"stk-block-content stk-inner-blocks stk-1da631d-inner-blocks\">\n<div class=\"wp-block-stackable-heading stk-block-heading stk-block-heading--v2 stk-block stk-ad9fe3a\" id=\"compromiso\" data-block-id=\"ad9fe3a\"><style>.stk-ad9fe3a {margin-bottom:35px !important;}.stk-ad9fe3a .stk-block-heading__text{font-size:40px !important;line-height:1.2em !important;}@media screen and (max-width:999px){.stk-ad9fe3a .stk-block-heading__text{font-size:30px !important;}}<\/style><h2 class=\"stk-block-heading__text has-text-align-center-mobile\">Compromiso<\/h2><\/div>\n\n\n\n<div class=\"wp-block-stackable-text stk-block-text stk-block stk-b6e9eb3\" data-block-id=\"b6e9eb3\"><p class=\"stk-block-text__text has-text-align-center-mobile\">Trabajamos de la mano con las poblaciones m\u00e1s vulnerables, especialmente en contextos de conflictividad social y extractivismo, para que tengan acceso a la justicia, promuevan su autonom\u00eda y construyan un futuro m\u00e1s justo y sostenible. Defendemos los derechos humanos en todas sus dimensiones, con un enfoque transversal de g\u00e9nero y justicia ambiental, contribuyendo a la creaci\u00f3n de sociedades m\u00e1s equitativas y respetuosas de los derechos de todos.<\/p><\/div>\n<\/div><\/div><\/div>\n\n\n\n<div class=\"wp-block-stackable-column stk-block-column stk-column stk-block stk-43cb914\" data-v=\"4\" data-block-id=\"43cb914\"><style>.stk-43cb914-container{margin-top:0px !important;margin-right:0px !important;margin-bottom:0px !important;margin-left:0px !important;}@media screen and (min-width:690px){.stk-43cb914 {flex:var(--stk-flex-grow, 1) 1 calc(60% - var(--stk-column-gap, 0px) * 1 \/ 2 ) !important;}}<\/style><div class=\"stk-column-wrapper stk-block-column__content stk-container stk-43cb914-container stk--no-background stk--no-padding\"><div class=\"stk-block-content stk-inner-blocks stk-43cb914-inner-blocks\">\n<div class=\"wp-block-stackable-video-popup stk-block-video-popup stk-block stk-f59fcda\" data-video=\"https:\/\/www.youtube.com\/watch?v=_0Jgc1w60N8\" data-block-id=\"f59fcda\"><style>.stk-f59fcda {border-top-left-radius:5px !important;border-top-right-radius:5px !important;border-bottom-right-radius:5px !important;border-bottom-left-radius:5px !important;overflow:hidden !important;padding-top:0px !important;padding-right:0px !important;padding-left:0px !important;}<\/style><div class=\"stk-block-video-popup__overlay stk-row stk-inner-blocks stk-block-content stk-hover-parent\" aria-label=\"Play Video\" tabindex=\"0\" role=\"button\">\n<div class=\"wp-block-stackable-icon stk-block-icon has-text-align-center stk-block stk-91b82f6\" data-block-id=\"91b82f6\"><style>.stk-91b82f6 .stk--svg-wrapper .stk--inner-svg svg:last-child{height:40px !important;width:40px !important;}.stk-91b82f6 .stk--svg-wrapper .stk--inner-svg svg:last-child, .stk-91b82f6 .stk--svg-wrapper .stk--inner-svg svg:last-child :is(g, path, rect, polygon, ellipse){fill:var(--theme-palette-color-8, #ffffff) !important;}@media screen and (max-width:999px){.stk-91b82f6 .stk--svg-wrapper .stk--inner-svg svg:last-child{height:40px !important;width:40px !important;}}<\/style><span class=\"stk--svg-wrapper\"><div class=\"stk--inner-svg\"><svg style=\"height:0;width:0\"><defs><lineargradient id=\"linear-gradient-91b82f6\" x1=\"0\" x2=\"100%\" y1=\"0\" y2=\"0\"><stop offset=\"0%\" style=\"stop-opacity:1;stop-color:var(--linear-gradient-91-b-82-f-6-color-1)\"><\/stop><stop offset=\"100%\" style=\"stop-opacity:1;stop-color:var(--linear-gradient-91-b-82-f-6-color-2)\"><\/stop><\/lineargradient><\/defs><\/svg><svg xmlns=\"http:\/\/www.w3.org\/2000\/svg\" viewbox=\"0 0 576 512\" aria-hidden=\"true\" width=\"32\" height=\"32\"><path d=\"M549.655 124.083c-6.281-23.65-24.787-42.276-48.284-48.597C458.781 64 288 64 288 64S117.22 64 74.629 75.486c-23.497 6.322-42.003 24.947-48.284 48.597-11.412 42.867-11.412 132.305-11.412 132.305s0 89.438 11.412 132.305c6.281 23.65 24.787 41.5 48.284 47.821C117.22 448 288 448 288 448s170.78 0 213.371-11.486c23.497-6.321 42.003-24.171 48.284-47.821 11.412-42.867 11.412-132.305 11.412-132.305s0-89.438-11.412-132.305zm-317.51 213.508V175.185l142.739 81.205-142.739 81.201z\"\/><\/svg><\/div><\/span><\/div>\n\n\n\n<div class=\"wp-block-stackable-image stk-block-image stk-block stk-db76559\" data-block-id=\"db76559\"><style>.stk-db76559 .stk-img-wrapper{height:400px !important;--stk-gradient-overlay:0 !important;}.stk-db76559 .stk-img-wrapper::after{background-color:#000000 !important;}:where(.stk-hover-parent:hover,  .stk-hover-parent.stk--is-hovered) .stk-db76559 .stk-img-wrapper{--stk-gradient-overlay:0.3 !important;}@media screen and (max-width:999px){.stk-db76559 .stk-img-wrapper{height:400px !important;}}<\/style><figure><span class=\"stk-img-wrapper stk-image--shape-stretch\"><img decoding=\"async\" class=\"stk-img wp-image-3380\" src=\"https:\/\/derechosinfronteras.pe\/wp-content\/uploads\/2022\/06\/m1-1.jpg\" width=\"1000\" height=\"671\" srcset=\"https:\/\/derechosinfronteras.pe\/wp-content\/uploads\/2022\/06\/m1-1.jpg 1000w, https:\/\/derechosinfronteras.pe\/wp-content\/uploads\/2022\/06\/m1-1-300x201.jpg 300w, https:\/\/derechosinfronteras.pe\/wp-content\/uploads\/2022\/06\/m1-1-1024x687.jpg 1024w, https:\/\/derechosinfronteras.pe\/wp-content\/uploads\/2022\/06\/m1-1-768x515.jpg 768w, https:\/\/derechosinfronteras.pe\/wp-content\/uploads\/2022\/06\/m1-1-1536x1031.jpg 1536w\" sizes=\"(max-width: 1000px) 100vw, 1000px\" \/><\/span><\/figure><\/div>\n<\/div><\/div>\n<\/div><\/div><\/div>\n<\/div><\/div>\n\n\n\n<div class=\"wp-block-stackable-spacer stk-block-spacer stk--no-padding stk-block stk-551bfce\" data-block-id=\"551bfce\"><style>.stk-551bfce {height:129px !important;}@media screen and (max-width:999px){.stk-551bfce {height:80px !important;}}<\/style><\/div>\n\n\n\n<div class=\"wp-block-stackable-map aligncenter stk-block-map stk-block stk-a340519\" data-block-id=\"a340519\"><style>.stk-a340519 .stk-block-map__canvas, .stk-a340519 iframe{height:500px !important;}<\/style><iframe\n\t\t\t\t\t\ttitle=\"Embedded content from Google Maps Platform.\"\n\t\t\t\t\t\tsrc=\"https:\/\/maps.google.com\/maps?q=Barrio Profesional A8, Cusco&#038;t=&#038;z=18&#038;ie=UTF8&#038;output=embed\"\n\t\t\t\t\t\tstyle=\"border:0;width:100%;max-width:none;max-height:none;height:100%;\"\n\t\t\t\t\t\taria-hidden=\"false\"\n\t\t\t\t\t\ttabindex=\"0\"\n\t\t\t\t\t\tallowfullscreen\n\t\t\t\t\t\tloading=\"lazy\"\n\t\t\t\t\t\tframeborder=\"0\"\n\t\t\t\t\t><\/iframe><\/div>","protected":false},"excerpt":{"rendered":"<p>Derechos Humanos Sin Fronteras Es una organizaci\u00f3n de derechos humanos dedicada a la defensa y promoci\u00f3n de los derechos individuales, colectivos y ambientales en comunidades urbano-rurales afectadas por actividades extractivas, especialmente en las provincias de Chumbivilcas, Espinar y Paruro. Misi\u00f3n Somos una organizaci\u00f3n de defensores y defensoras de los derechos humanos que, inspirados en la [&hellip;]<\/p>\n","protected":false},"author":1,"featured_media":9125,"parent":0,"menu_order":0,"comment_status":"closed","ping_status":"closed","template":"","meta":{"_monsterinsights_skip_tracking":false,"_monsterinsights_sitenote_active":false,"_monsterinsights_sitenote_note":"","_monsterinsights_sitenote_category":0,"footnotes":""},"class_list":["post-593","page","type-page","status-publish","has-post-thumbnail","hentry"],"blocksy_meta":{"styles_descriptor":{"styles":{"desktop":"","tablet":"","mobile":""},"google_fonts":[],"version":6}},"jetpack_sharing_enabled":true,"jetpack_likes_enabled":true,"_links":{"self":[{"href":"https:\/\/derechosinfronteras.pe\/ingles\/wp-json\/wp\/v2\/pages\/593","targetHints":{"allow":["GET"]}}],"collection":[{"href":"https:\/\/derechosinfronteras.pe\/ingles\/wp-json\/wp\/v2\/pages"}],"about":[{"href":"https:\/\/derechosinfronteras.pe\/ingles\/wp-json\/wp\/v2\/types\/page"}],"author":[{"embeddable":true,"href":"https:\/\/derechosinfronteras.pe\/ingles\/wp-json\/wp\/v2\/users\/1"}],"replies":[{"embeddable":true,"href":"https:\/\/derechosinfronteras.pe\/ingles\/wp-json\/wp\/v2\/comments?post=593"}],"version-history":[{"count":33,"href":"https:\/\/derechosinfronteras.pe\/ingles\/wp-json\/wp\/v2\/pages\/593\/revisions"}],"predecessor-version":[{"id":9129,"href":"https:\/\/derechosinfronteras.pe\/ingles\/wp-json\/wp\/v2\/pages\/593\/revisions\/9129"}],"wp:featuredmedia":[{"embeddable":true,"href":"https:\/\/derechosinfronteras.pe\/ingles\/wp-json\/wp\/v2\/media\/9125"}],"wp:attachment":[{"href":"https:\/\/derechosinfronteras.pe\/ingles\/wp-json\/wp\/v2\/media?parent=593"}],"curies":[{"name":"wp","href":"https:\/\/api.w.org\/{rel}","templated":true}]}}